{"id":166,"date":"2024-02-24T16:07:37","date_gmt":"2024-02-24T19:07:37","guid":{"rendered":"http:\/\/aefa.org.br\/?page_id=166"},"modified":"2024-02-24T16:07:37","modified_gmt":"2024-02-24T19:07:37","slug":"artesanato","status":"publish","type":"page","link":"https:\/\/aefa.org.br\/?page_id=166","title":{"rendered":"Artesanato"},"content":{"rendered":"<p>[et_pb_section fb_built=&#8221;1&#8243; theme_builder_area=&#8221;post_content&#8221; _builder_version=&#8221;4.14.5&#8243; _module_preset=&#8221;default&#8221;][et_pb_row _builder_version=&#8221;4.14.5&#8243; _module_preset=&#8221;default&#8221; column_structure=&#8221;1_2,1_2&#8243; theme_builder_area=&#8221;post_content&#8221;][et_pb_column _builder_version=&#8221;4.14.5&#8243; _module_preset=&#8221;default&#8221; type=&#8221;1_2&#8243; theme_builder_area=&#8221;post_content&#8221;][et_pb_text _builder_version=&#8221;4.14.5&#8243; _module_preset=&#8221;default&#8221; theme_builder_area=&#8221;post_content&#8221; hover_enabled=&#8221;0&#8243; sticky_enabled=&#8221;0&#8243;]<\/p>\n<h2 style=\"text-align: center;\">Artesanato<\/h2>\n<p>[\/et_pb_text][et_pb_text _builder_version=&#8221;4.14.5&#8243; _module_preset=&#8221;default&#8221; theme_builder_area=&#8221;post_content&#8221; hover_enabled=&#8221;0&#8243; sticky_enabled=&#8221;0&#8243;]<\/p>\n<p>Nas tardes de quarta-feira a AEFA realiza a pr\u00e1tica da arte atrav\u00e9s da costura. Um grupo de senhoras talentosas l\u00e1 se re\u00fanem para confeccionarem, atrav\u00e9s de suas m\u00e3os habilidosas e um profundo amor pela tarefa, os mais diversos artesanatos para que possam ser vendidos, angariando, desta forma, recursos para manuten\u00e7\u00e3o dos trabalhos realizados nesta Casa. Visitem o nosso cantinho do artesanato e adquiram lindos objetos. A\u00a0AEFA\u00a0agradece.<\/p>\n<p>[\/et_pb_text][\/et_pb_column][et_pb_column _builder_version=&#8221;4.14.5&#8243; _module_preset=&#8221;default&#8221; type=&#8221;1_2&#8243; theme_builder_area=&#8221;post_content&#8221;][et_pb_image _builder_version=&#8221;4.14.5&#8243; _module_preset=&#8221;default&#8221; theme_builder_area=&#8221;post_content&#8221; title_text=&#8221;artezanato&#8221; src=&#8221;http:\/\/aefa.org.br\/wp-content\/uploads\/2024\/02\/artezanato.png&#8221; hover_enabled=&#8221;0&#8243; sticky_enabled=&#8221;0&#8243;][\/et_pb_image][\/et_pb_column][\/et_pb_row][\/et_pb_section]<\/p>\n","protected":false},"excerpt":{"rendered":"<p>ArtesanatoNas tardes de quarta-feira a AEFA realiza a pr\u00e1tica da arte atrav\u00e9s da costura. Um grupo de senhoras talentosas l\u00e1 se re\u00fanem para confeccionarem, atrav\u00e9s de suas m\u00e3os habilidosas e um profundo amor pela tarefa, os mais diversos artesanatos para que possam ser vendidos, angariando, desta forma, recursos para manuten\u00e7\u00e3o dos trabalhos realizados nesta Casa. [&hellip;]<\/p>\n","protected":false},"author":1,"featured_media":0,"parent":0,"menu_order":0,"comment_status":"closed","ping_status":"closed","template":"","meta":{"_et_pb_use_builder":"on","_et_pb_old_content":"","_et_gb_content_width":"","footnotes":""},"class_list":["post-166","page","type-page","status-publish","hentry"],"_links":{"self":[{"href":"https:\/\/aefa.org.br\/index.php?rest_route=\/wp\/v2\/pages\/166","targetHints":{"allow":["GET"]}}],"collection":[{"href":"https:\/\/aefa.org.br\/index.php?rest_route=\/wp\/v2\/pages"}],"about":[{"href":"https:\/\/aefa.org.br\/index.php?rest_route=\/wp\/v2\/types\/page"}],"author":[{"embeddable":true,"href":"https:\/\/aefa.org.br\/index.php?rest_route=\/wp\/v2\/users\/1"}],"replies":[{"embeddable":true,"href":"https:\/\/aefa.org.br\/index.php?rest_route=%2Fwp%2Fv2%2Fcomments&post=166"}],"version-history":[{"count":3,"href":"https:\/\/aefa.org.br\/index.php?rest_route=\/wp\/v2\/pages\/166\/revisions"}],"predecessor-version":[{"id":169,"href":"https:\/\/aefa.org.br\/index.php?rest_route=\/wp\/v2\/pages\/166\/revisions\/169"}],"wp:attachment":[{"href":"https:\/\/aefa.org.br\/index.php?rest_route=%2Fwp%2Fv2%2Fmedia&parent=166"}],"curies":[{"name":"wp","href":"https:\/\/api.w.org\/{rel}","templated":true}]}}