{"id":172,"date":"2024-02-24T16:20:28","date_gmt":"2024-02-24T19:20:28","guid":{"rendered":"http:\/\/aefa.org.br\/?page_id=172"},"modified":"2024-03-19T16:59:02","modified_gmt":"2024-03-19T19:59:02","slug":"programacao","status":"publish","type":"page","link":"https:\/\/aefa.org.br\/?page_id=172","title":{"rendered":"Programa\u00e7\u00e3o"},"content":{"rendered":"<p>[et_pb_section fb_built=&#8221;1&#8243; _builder_version=&#8221;4.14.5&#8243; _module_preset=&#8221;default&#8221; hover_enabled=&#8221;0&#8243; global_colors_info=&#8221;{}&#8221; title_text=&#8221;hd0243_1080p_12000br&#8221; background_video_mp4=&#8221;http:\/\/aefa.org.br\/wp-content\/uploads\/2024\/03\/hd0243_1080p_12000br.mp4&#8243; background_last_edited=&#8221;on|desktop&#8221; sticky_enabled=&#8221;0&#8243;][et_pb_row _builder_version=&#8221;4.14.5&#8243; _module_preset=&#8221;default&#8221; global_colors_info=&#8221;{}&#8221;][et_pb_column type=&#8221;4_4&#8243; _builder_version=&#8221;4.14.5&#8243; _module_preset=&#8221;default&#8221; global_colors_info=&#8221;{}&#8221;][et_pb_text _builder_version=&#8221;4.14.5&#8243; _module_preset=&#8221;default&#8221; global_colors_info=&#8221;{}&#8221;]<\/p>\n<h2 style=\"text-align: center;\">Programa\u00e7\u00e3o<\/h2>\n<p>[\/et_pb_text][et_pb_text _builder_version=&#8221;4.14.5&#8243; _module_preset=&#8221;default&#8221; hover_enabled=&#8221;0&#8243; global_colors_info=&#8221;{}&#8221; sticky_enabled=&#8221;0&#8243;]<\/p>\n<h4 style=\"text-align: left;\"><span style=\"color: #000000;\">Reuni\u00f5es p\u00fablicas, com palestras doutrin\u00e1rias, aplica\u00e7\u00e3o de passes e di\u00e1logo fraterno nos seguintes dias e hor\u00e1rios:<\/span><\/h4>\n<p>[\/et_pb_text][\/et_pb_column][\/et_pb_row][et_pb_row column_structure=&#8221;1_2,1_2&#8243; _builder_version=&#8221;4.14.5&#8243; _module_preset=&#8221;default&#8221; hover_enabled=&#8221;0&#8243; global_colors_info=&#8221;{}&#8221; sticky_enabled=&#8221;0&#8243;][et_pb_column type=&#8221;1_2&#8243; _builder_version=&#8221;4.14.5&#8243; _module_preset=&#8221;default&#8221; global_colors_info=&#8221;{}&#8221;][et_pb_text _builder_version=&#8221;4.14.5&#8243; _module_preset=&#8221;default&#8221; hover_enabled=&#8221;0&#8243; global_colors_info=&#8221;{}&#8221; sticky_enabled=&#8221;0&#8243;]<\/p>\n<p><span style=\"color: #000000;\"><strong>REUNI\u00d5ES P\u00daBLICAS \/ ATENDIMENTO FRATERNO<\/strong><\/span><br \/><span style=\"color: #000000;\">Segundas &#8211; 14:30hs<\/span><br \/><span style=\"color: #000000;\">Ter\u00e7as &#8211; 08:30hs<\/span><br \/><span style=\"color: #000000;\">Quartas &#8211; 19:00hs<\/span><\/p>\n<p>[\/et_pb_text][et_pb_text _builder_version=&#8221;4.14.5&#8243; _module_preset=&#8221;default&#8221; hover_enabled=&#8221;0&#8243; global_colors_info=&#8221;{}&#8221; custom_padding=&#8221;||5px|||&#8221; sticky_enabled=&#8221;0&#8243;]<\/p>\n<p><span style=\"color: #000000;\"><strong>ESDE \u2013 Estudo Sistematizado da Doutrina Esp\u00edrita<\/strong><\/span><br \/><span style=\"color: #000000;\">S\u00e1bado (presencial) &#8211; 16:00hs<\/span><br \/><span style=\"color: #000000;\">S\u00e1bado (online) &#8211; 17:00hs<\/span><\/p>\n<p>[\/et_pb_text][et_pb_text _builder_version=&#8221;4.14.5&#8243; _module_preset=&#8221;default&#8221; hover_enabled=&#8221;0&#8243; global_colors_info=&#8221;{}&#8221; sticky_enabled=&#8221;0&#8243;]<\/p>\n<p><span style=\"color: #000000;\"><strong>ATIVIDADES DO DIJF (Diretoria de Inf\u00e2ncia, Juventude e Fam\u00edlia)<\/strong><\/span><br \/><span style=\"color: #000000;\">Evangeliza\u00e7\u00e3o Infantil<\/span><br \/><span style=\"color: #000000;\">Evangeliza\u00e7\u00e3o de Jovens<\/span><br \/><span style=\"color: #000000;\">Evangeliza\u00e7\u00e3o Fam\u00edlia<\/span><br \/><span style=\"color: #000000;\">S\u00e1bado &#8211; 13:00hs<\/span><\/p>\n<p>[\/et_pb_text][et_pb_text _builder_version=&#8221;4.14.5&#8243; _module_preset=&#8221;default&#8221; hover_enabled=&#8221;0&#8243; global_colors_info=&#8221;{}&#8221; custom_padding=&#8221;||3px|||&#8221; sticky_enabled=&#8221;0&#8243;]<\/p>\n<p><span style=\"color: #000000;\"><strong>Passe Infantil:<\/strong><\/span><br \/><span style=\"color: #000000;\">S\u00e1bado \u00e0s 14:30 \u2013 destinado \u00e0s crian\u00e7as da evangeliza\u00e7\u00e3o.<\/span><\/p>\n<p>[\/et_pb_text][et_pb_text _builder_version=&#8221;4.14.5&#8243; _module_preset=&#8221;default&#8221; hover_enabled=&#8221;0&#8243; global_colors_info=&#8221;{}&#8221; sticky_enabled=&#8221;0&#8243;]<\/p>\n<p><span style=\"color: #000000;\"><strong>Estudo da Mediunidade<\/strong>, seguindo as apostilas da FEB \u2013 Federa\u00e7\u00e3o Esp\u00edrita Brasileira,<\/span><br \/><span style=\"color: #000000;\">Ter\u00e7as-feiras &#8211; 20:00, pela plataforma Zoom<\/span><br \/><span style=\"color: #000000;\">Somente para quem concluiu o estudo ESDE com aproveitamento superior a 50% e para todos os trabalhadores das equipes medi\u00fanicas.<\/span><\/p>\n<p>[\/et_pb_text][\/et_pb_column][et_pb_column type=&#8221;1_2&#8243; _builder_version=&#8221;4.14.5&#8243; _module_preset=&#8221;default&#8221; global_colors_info=&#8221;{}&#8221;][et_pb_text _builder_version=&#8221;4.14.5&#8243; _module_preset=&#8221;default&#8221; hover_enabled=&#8221;0&#8243; global_colors_info=&#8221;{}&#8221; custom_padding=&#8221;||6px|||&#8221; sticky_enabled=&#8221;0&#8243;]<\/p>\n<p><span style=\"color: #000000;\"><strong>Estudo do Livro Paulo e Est\u00eav\u00e3o<\/strong><\/span><br \/><span style=\"color: #000000;\">Quintas-feiras, \u00e0s 20:00h pela plataforma Zoom.<\/span><\/p>\n<p>[\/et_pb_text][et_pb_text _builder_version=&#8221;4.14.5&#8243; _module_preset=&#8221;default&#8221; hover_enabled=&#8221;0&#8243; global_colors_info=&#8221;{}&#8221; sticky_enabled=&#8221;0&#8243;]<\/p>\n<p><span style=\"color: #000000;\"><strong>Estudo das obras b\u00e1sicas<\/strong><\/span><br \/><span style=\"color: #000000;\">Domingos \u00e0s 19:00h, pela plataforma Zoom.<\/span><\/p>\n<p>[\/et_pb_text][et_pb_text _builder_version=&#8221;4.14.5&#8243; _module_preset=&#8221;default&#8221; hover_enabled=&#8221;0&#8243; global_colors_info=&#8221;{}&#8221; sticky_enabled=&#8221;0&#8243;]<\/p>\n<p><span style=\"color: #000000;\"><strong>Tratamento Espec\u00edfico<\/strong> \u2013 realizado \u00e0s sextas-feiras, \u00e0s 19:00h. Destinado a tratamento de sa\u00fade, realizado pela espiritualidade. Os interessados devem comparecer ao di\u00e1logo fraterno para os necess\u00e1rios esclarecimentos.<\/span><\/p>\n<p>[\/et_pb_text][et_pb_text _builder_version=&#8221;4.14.5&#8243; _module_preset=&#8221;default&#8221; hover_enabled=&#8221;0&#8243; global_colors_info=&#8221;{}&#8221; sticky_enabled=&#8221;0&#8243;]<\/p>\n<p><span style=\"color: #000000;\"><strong>Atendimento fraterno aos irm\u00e3os desencarnados<\/strong> \u2013 domingos \u00e0s 08:00h. Tem por objetivo fazer irradia\u00e7\u00e3o para os companheiros que sofrem ass\u00e9dio espiritual, atendendo fraternalmente os desencarnados sofredores. Reuni\u00e3o fechada, sem a participa\u00e7\u00e3o do p\u00fablico.<\/span><\/p>\n<p>[\/et_pb_text][et_pb_text _builder_version=&#8221;4.14.5&#8243; _module_preset=&#8221;default&#8221; hover_enabled=&#8221;0&#8243; global_colors_info=&#8221;{}&#8221; custom_padding=&#8221;||0px|||&#8221; sticky_enabled=&#8221;0&#8243;]<\/p>\n<p><span style=\"color: #000000;\"><strong>Preces pelos Desencarnados<\/strong> \u2013 realizadas nas \u00faltimas ter\u00e7as-feiras de cada m\u00eas, \u00e0s 19:30 com palestra doutrin\u00e1ria de tem\u00e1tica espec\u00edfica, visando orienta\u00e7\u00e3o e conforto \u00e0 luz do Espiritismo.<\/span><\/p>\n<p>[\/et_pb_text][\/et_pb_column][\/et_pb_row][\/et_pb_section]<\/p>\n","protected":false},"excerpt":{"rendered":"<p>Programa\u00e7\u00e3oReuni\u00f5es p\u00fablicas, com palestras doutrin\u00e1rias, aplica\u00e7\u00e3o de passes e di\u00e1logo fraterno nos seguintes dias e hor\u00e1rios:REUNI\u00d5ES P\u00daBLICAS \/ ATENDIMENTO FRATERNOSegundas &#8211; 14:30hsTer\u00e7as &#8211; 08:30hsQuartas &#8211; 19:00hsESDE \u2013 Estudo Sistematizado da Doutrina Esp\u00edritaS\u00e1bado (presencial) &#8211; 16:00hsS\u00e1bado (online) &#8211; 17:00hsATIVIDADES DO DIJF (Diretoria de Inf\u00e2ncia, Juventude e Fam\u00edlia)Evangeliza\u00e7\u00e3o InfantilEvangeliza\u00e7\u00e3o de JovensEvangeliza\u00e7\u00e3o Fam\u00edliaS\u00e1bado &#8211; 13:00hsPasse Infantil:S\u00e1bado \u00e0s 14:30 [&hellip;]<\/p>\n","protected":false},"author":1,"featured_media":0,"parent":0,"menu_order":0,"comment_status":"closed","ping_status":"closed","template":"","meta":{"_et_pb_use_builder":"on","_et_pb_old_content":"","_et_gb_content_width":"","footnotes":""},"class_list":["post-172","page","type-page","status-publish","hentry"],"_links":{"self":[{"href":"https:\/\/aefa.org.br\/index.php?rest_route=\/wp\/v2\/pages\/172","targetHints":{"allow":["GET"]}}],"collection":[{"href":"https:\/\/aefa.org.br\/index.php?rest_route=\/wp\/v2\/pages"}],"about":[{"href":"https:\/\/aefa.org.br\/index.php?rest_route=\/wp\/v2\/types\/page"}],"author":[{"embeddable":true,"href":"https:\/\/aefa.org.br\/index.php?rest_route=\/wp\/v2\/users\/1"}],"replies":[{"embeddable":true,"href":"https:\/\/aefa.org.br\/index.php?rest_route=%2Fwp%2Fv2%2Fcomments&post=172"}],"version-history":[{"count":4,"href":"https:\/\/aefa.org.br\/index.php?rest_route=\/wp\/v2\/pages\/172\/revisions"}],"predecessor-version":[{"id":214,"href":"https:\/\/aefa.org.br\/index.php?rest_route=\/wp\/v2\/pages\/172\/revisions\/214"}],"wp:attachment":[{"href":"https:\/\/aefa.org.br\/index.php?rest_route=%2Fwp%2Fv2%2Fmedia&parent=172"}],"curies":[{"name":"wp","href":"https:\/\/api.w.org\/{rel}","templated":true}]}}