{"id":189,"date":"2024-03-10T13:05:25","date_gmt":"2024-03-10T16:05:25","guid":{"rendered":"https:\/\/aefa.org.br\/?page_id=189"},"modified":"2024-03-20T11:43:18","modified_gmt":"2024-03-20T14:43:18","slug":"189-2","status":"publish","type":"page","link":"https:\/\/aefa.org.br\/?page_id=189","title":{"rendered":"Evangeliza\u00e7\u00e3o"},"content":{"rendered":"<p>[et_pb_section fb_built=&#8221;1&#8243; _builder_version=&#8221;4.14.5&#8243; _module_preset=&#8221;default&#8221; global_colors_info=&#8221;{}&#8221;][et_pb_row _builder_version=&#8221;4.14.5&#8243; _module_preset=&#8221;default&#8221; global_colors_info=&#8221;{}&#8221;][et_pb_column type=&#8221;4_4&#8243; _builder_version=&#8221;4.14.5&#8243; _module_preset=&#8221;default&#8221; global_colors_info=&#8221;{}&#8221;][et_pb_text _builder_version=&#8221;4.14.5&#8243; _module_preset=&#8221;default&#8221; global_colors_info=&#8221;{}&#8221;]<\/p>\n<h1 style=\"text-align: center;\">Evangeliza\u00e7\u00e3o<\/h1>\n<p>[\/et_pb_text][\/et_pb_column][\/et_pb_row][et_pb_row column_structure=&#8221;1_2,1_2&#8243; _builder_version=&#8221;4.14.5&#8243; _module_preset=&#8221;default&#8221; global_colors_info=&#8221;{}&#8221;][et_pb_column type=&#8221;1_2&#8243; _builder_version=&#8221;4.14.5&#8243; _module_preset=&#8221;default&#8221; global_colors_info=&#8221;{}&#8221;][et_pb_text _builder_version=&#8221;4.14.5&#8243; _module_preset=&#8221;default&#8221; global_colors_info=&#8221;{}&#8221;]<\/p>\n<h4>Atividades: <br \/>1) Evangeliza\u00e7\u00e3o no ventre\u00a0<br \/>2) Beb\u00eas<br \/>3) Iinf\u00e2ncia<br \/>4) Pr\u00e9 juventude<br \/>5) juventude e fam\u00edlia<\/h4>\n<h4>Evangeliza\u00e7\u00e3o com m\u00fasicas, livros, textos, v\u00eddeos, hist\u00f3rias e muito mais.<\/h4>\n<p>[\/et_pb_text][\/et_pb_column][et_pb_column type=&#8221;1_2&#8243; _builder_version=&#8221;4.14.5&#8243; _module_preset=&#8221;default&#8221; global_colors_info=&#8221;{}&#8221;][et_pb_image src=&#8221;http:\/\/aefa.org.br\/wp-content\/uploads\/2024\/03\/evangelizacao1.jpg&#8221; title_text=&#8221;evangelizacao1&#8243; _builder_version=&#8221;4.14.5&#8243; _module_preset=&#8221;default&#8221; global_colors_info=&#8221;{}&#8221;][\/et_pb_image][et_pb_image src=&#8221;http:\/\/aefa.org.br\/wp-content\/uploads\/2024\/03\/evangelizacao2.jpg&#8221; title_text=&#8221;evangelizacao2&#8243; _builder_version=&#8221;4.14.5&#8243; _module_preset=&#8221;default&#8221; global_colors_info=&#8221;{}&#8221;][\/et_pb_image][\/et_pb_column][\/et_pb_row][\/et_pb_section]<\/p>\n","protected":false},"excerpt":{"rendered":"<p>Evangeliza\u00e7\u00e3oAtividades: 1) Evangeliza\u00e7\u00e3o no ventre\u00a02) Beb\u00eas3) Iinf\u00e2ncia4) Pr\u00e9 juventude5) juventude e fam\u00edlia Evangeliza\u00e7\u00e3o com m\u00fasicas, livros, textos, v\u00eddeos, hist\u00f3rias e muito mais.<\/p>\n","protected":false},"author":1,"featured_media":0,"parent":0,"menu_order":0,"comment_status":"closed","ping_status":"closed","template":"","meta":{"_et_pb_use_builder":"on","_et_pb_old_content":"","_et_gb_content_width":"","footnotes":""},"class_list":["post-189","page","type-page","status-publish","hentry"],"_links":{"self":[{"href":"https:\/\/aefa.org.br\/index.php?rest_route=\/wp\/v2\/pages\/189","targetHints":{"allow":["GET"]}}],"collection":[{"href":"https:\/\/aefa.org.br\/index.php?rest_route=\/wp\/v2\/pages"}],"about":[{"href":"https:\/\/aefa.org.br\/index.php?rest_route=\/wp\/v2\/types\/page"}],"author":[{"embeddable":true,"href":"https:\/\/aefa.org.br\/index.php?rest_route=\/wp\/v2\/users\/1"}],"replies":[{"embeddable":true,"href":"https:\/\/aefa.org.br\/index.php?rest_route=%2Fwp%2Fv2%2Fcomments&post=189"}],"version-history":[{"count":8,"href":"https:\/\/aefa.org.br\/index.php?rest_route=\/wp\/v2\/pages\/189\/revisions"}],"predecessor-version":[{"id":260,"href":"https:\/\/aefa.org.br\/index.php?rest_route=\/wp\/v2\/pages\/189\/revisions\/260"}],"wp:attachment":[{"href":"https:\/\/aefa.org.br\/index.php?rest_route=%2Fwp%2Fv2%2Fmedia&parent=189"}],"curies":[{"name":"wp","href":"https:\/\/api.w.org\/{rel}","templated":true}]}}