{"id":286,"date":"2025-12-12T16:24:25","date_gmt":"2025-12-12T19:24:25","guid":{"rendered":"https:\/\/aefa.org.br\/?page_id=286"},"modified":"2025-12-12T16:29:50","modified_gmt":"2025-12-12T19:29:50","slug":"reunioes-publicas-atendimento-fraterno","status":"publish","type":"page","link":"https:\/\/aefa.org.br\/?page_id=286","title":{"rendered":"REUNI\u00d5ES P\u00daBLICAS \/ ATENDIMENTO FRATERNO"},"content":{"rendered":"<p>[et_pb_section fb_built=&#8221;1&#8243; _builder_version=&#8221;4.14.5&#8243; _module_preset=&#8221;default&#8221; global_colors_info=&#8221;{}&#8221;][et_pb_row _builder_version=&#8221;4.14.5&#8243; _module_preset=&#8221;default&#8221; global_colors_info=&#8221;{}&#8221;][et_pb_column type=&#8221;4_4&#8243; _builder_version=&#8221;4.14.5&#8243; _module_preset=&#8221;default&#8221; global_colors_info=&#8221;{}&#8221;][et_pb_text _builder_version=&#8221;4.14.5&#8243; _module_preset=&#8221;default&#8221; custom_padding=&#8221;||0px|||&#8221; text_text_shadow_style=&#8221;preset1&#8243; global_colors_info=&#8221;{}&#8221;]<\/p>\n<h1 style=\"text-align: center;\"><strong>REUNI\u00d5ES P\u00daBLICAS \/ ATENDIMENTO FRATERNO<\/strong><\/h1>\n<p>[\/et_pb_text][\/et_pb_column][\/et_pb_row][et_pb_row _builder_version=&#8221;4.14.5&#8243; _module_preset=&#8221;default&#8221; custom_margin=&#8221;|auto|-3px|auto||&#8221; global_colors_info=&#8221;{}&#8221;][et_pb_column type=&#8221;4_4&#8243; _builder_version=&#8221;4.14.5&#8243; _module_preset=&#8221;default&#8221; global_colors_info=&#8221;{}&#8221;][et_pb_text _builder_version=&#8221;4.14.5&#8243; _module_preset=&#8221;default&#8221; background_color=&#8221;RGBA(255,255,255,0)&#8221; min_height=&#8221;102px&#8221; custom_margin=&#8221;-68px|||||&#8221; custom_padding=&#8221;29px|||||&#8221; global_colors_info=&#8221;{}&#8221;]<\/p>\n<h2 style=\"text-align: center;\"><span data-path-to-node=\"0,1\"><span class=\"citation-33\">\u00a0O Atendimento Fraterno acolhe com empatia e escuta ativa, orienta sob a \u00f3tica do servidor que fortalece e n\u00e3o imp\u00f5e, e consola educando, transformando a dor em oportunidade de crescimento espiritual<\/span><\/span><span data-path-to-node=\"0,2\"><span class=\"citation-33 citation-end-33\"><source-footnote ng-version=\"0.0.0-PLACEHOLDER\" _nghost-ng-c1370614207=\"\"><sup _ngcontent-ng-c1370614207=\"\" class=\"superscript\" data-turn-source-index=\"1\"><\/sup><\/source-footnote><source-footnote ng-version=\"0.0.0-PLACEHOLDER\" _nghost-ng-c1370614207=\"\"><sup _ngcontent-ng-c1370614207=\"\" class=\"superscript\" data-turn-source-index=\"1\"><\/sup><\/source-footnote><source-footnote ng-version=\"0.0.0-PLACEHOLDER\" _nghost-ng-c1370614207=\"\"><sup _ngcontent-ng-c1370614207=\"\" class=\"superscript\" data-turn-source-index=\"1\"><\/sup><\/source-footnote><source-footnote ng-version=\"0.0.0-PLACEHOLDER\" _nghost-ng-c1370614207=\"\"><sup _ngcontent-ng-c1370614207=\"\" class=\"superscript\" data-turn-source-index=\"1\"><\/sup><\/source-footnote><source-footnote ng-version=\"0.0.0-PLACEHOLDER\" _nghost-ng-c1370614207=\"\"><sup _ngcontent-ng-c1370614207=\"\" class=\"superscript\" data-turn-source-index=\"1\"><\/sup><\/source-footnote><source-footnote ng-version=\"0.0.0-PLACEHOLDER\" _nghost-ng-c1370614207=\"\"><sup _ngcontent-ng-c1370614207=\"\" class=\"superscript\" data-turn-source-index=\"1\"><\/sup><\/source-footnote><source-footnote ng-version=\"0.0.0-PLACEHOLDER\" _nghost-ng-c1370614207=\"\"><sup _ngcontent-ng-c1370614207=\"\" class=\"superscript\" data-turn-source-index=\"1\"><\/sup><\/source-footnote><source-footnote ng-version=\"0.0.0-PLACEHOLDER\" _nghost-ng-c1370614207=\"\"><sup _ngcontent-ng-c1370614207=\"\" class=\"superscript\" data-turn-source-index=\"1\"><\/sup><\/source-footnote><source-footnote ng-version=\"0.0.0-PLACEHOLDER\" _nghost-ng-c1370614207=\"\"><sup _ngcontent-ng-c1370614207=\"\" class=\"superscript\" data-turn-source-index=\"1\"><\/sup><\/source-footnote><source-footnote ng-version=\"0.0.0-PLACEHOLDER\" _nghost-ng-c1370614207=\"\"><sup _ngcontent-ng-c1370614207=\"\" class=\"superscript\" data-turn-source-index=\"1\"><\/sup><\/source-footnote><source-footnote ng-version=\"0.0.0-PLACEHOLDER\" _nghost-ng-c1370614207=\"\"><sup _ngcontent-ng-c1370614207=\"\" class=\"superscript\" data-turn-source-index=\"1\"><\/sup><\/source-footnote><source-footnote ng-version=\"0.0.0-PLACEHOLDER\" _nghost-ng-c1370614207=\"\"><sup _ngcontent-ng-c1370614207=\"\" class=\"superscript\" data-turn-source-index=\"1\"><\/sup><\/source-footnote><source-footnote ng-version=\"0.0.0-PLACEHOLDER\" _nghost-ng-c1370614207=\"\"><sup _ngcontent-ng-c1370614207=\"\" class=\"superscript\" data-turn-source-index=\"1\"><\/sup><\/source-footnote><source-footnote ng-version=\"0.0.0-PLACEHOLDER\" _nghost-ng-c1370614207=\"\"><sup _ngcontent-ng-c1370614207=\"\" class=\"superscript\" data-turn-source-index=\"1\"><\/sup><\/source-footnote><source-footnote ng-version=\"0.0.0-PLACEHOLDER\" _nghost-ng-c1370614207=\"\"><sup _ngcontent-ng-c1370614207=\"\" class=\"superscript\" data-turn-source-index=\"1\"><\/sup><\/source-footnote><source-footnote ng-version=\"0.0.0-PLACEHOLDER\" _nghost-ng-c1370614207=\"\"><sup _ngcontent-ng-c1370614207=\"\" class=\"superscript\" data-turn-source-index=\"1\"><\/sup><\/source-footnote><\/span><\/span><span data-path-to-node=\"0,3\">.<\/span><\/h2>\n<p>[\/et_pb_text][\/et_pb_column][\/et_pb_row][et_pb_row _builder_version=&#8221;4.14.5&#8243; _module_preset=&#8221;default&#8221; global_colors_info=&#8221;{}&#8221;][et_pb_column type=&#8221;4_4&#8243; _builder_version=&#8221;4.14.5&#8243; _module_preset=&#8221;default&#8221; global_colors_info=&#8221;{}&#8221;][et_pb_image src=&#8221;http:\/\/aefa.org.br\/wp-content\/uploads\/2025\/12\/AEFA-Missao-8-scaled.png&#8221; alt=&#8221;Guia de atendimento&#8221; title_text=&#8221;Guia de Atendimento&#8221; _builder_version=&#8221;4.14.5&#8243; _module_preset=&#8221;default&#8221; box_shadow_style=&#8221;preset6&#8243; global_colors_info=&#8221;{}&#8221;][\/et_pb_image][\/et_pb_column][\/et_pb_row][\/et_pb_section]<\/p>\n","protected":false},"excerpt":{"rendered":"<p>REUNI\u00d5ES P\u00daBLICAS \/ ATENDIMENTO FRATERNO\u00a0O Atendimento Fraterno acolhe com empatia e escuta ativa, orienta sob a \u00f3tica do servidor que fortalece e n\u00e3o imp\u00f5e, e consola educando, transformando a dor em oportunidade de crescimento espiritual.<\/p>\n","protected":false},"author":1,"featured_media":0,"parent":0,"menu_order":0,"comment_status":"closed","ping_status":"closed","template":"","meta":{"_et_pb_use_builder":"on","_et_pb_old_content":"","_et_gb_content_width":"","footnotes":""},"class_list":["post-286","page","type-page","status-publish","hentry"],"_links":{"self":[{"href":"https:\/\/aefa.org.br\/index.php?rest_route=\/wp\/v2\/pages\/286","targetHints":{"allow":["GET"]}}],"collection":[{"href":"https:\/\/aefa.org.br\/index.php?rest_route=\/wp\/v2\/pages"}],"about":[{"href":"https:\/\/aefa.org.br\/index.php?rest_route=\/wp\/v2\/types\/page"}],"author":[{"embeddable":true,"href":"https:\/\/aefa.org.br\/index.php?rest_route=\/wp\/v2\/users\/1"}],"replies":[{"embeddable":true,"href":"https:\/\/aefa.org.br\/index.php?rest_route=%2Fwp%2Fv2%2Fcomments&post=286"}],"version-history":[{"count":3,"href":"https:\/\/aefa.org.br\/index.php?rest_route=\/wp\/v2\/pages\/286\/revisions"}],"predecessor-version":[{"id":292,"href":"https:\/\/aefa.org.br\/index.php?rest_route=\/wp\/v2\/pages\/286\/revisions\/292"}],"wp:attachment":[{"href":"https:\/\/aefa.org.br\/index.php?rest_route=%2Fwp%2Fv2%2Fmedia&parent=286"}],"curies":[{"name":"wp","href":"https:\/\/api.w.org\/{rel}","templated":true}]}}